{"id":20,"date":"2023-06-22T19:41:28","date_gmt":"2023-06-22T19:41:28","guid":{"rendered":"http:\/\/major-hunt.com\/?page_id=20"},"modified":"2025-01-30T11:28:05","modified_gmt":"2025-01-30T11:28:05","slug":"om-os","status":"publish","type":"page","link":"https:\/\/major-hunt.com\/da\/about-us\/","title":{"rendered":"Om os"},"content":{"rendered":"<div data-elementor-type=\"wp-page\" data-elementor-id=\"20\" class=\"elementor elementor-20\" data-elementor-post-type=\"page\">\n\t\t\t\t\t\t<section class=\"elementor-section elementor-top-section elementor-element elementor-element-ad24f07 elementor-section-height-min-height elementor-section-boxed elementor-section-height-default elementor-section-items-middle\" data-id=\"ad24f07\" data-element_type=\"section\" data-e-type=\"section\" data-settings=\"{&quot;background_background&quot;:&quot;classic&quot;}\">\n\t\t\t\t\t\t<div class=\"elementor-container elementor-column-gap-no\">\n\t\t\t\t\t<div class=\"elementor-column elementor-col-100 elementor-top-column elementor-element elementor-element-2744ba6\" data-id=\"2744ba6\" data-element_type=\"column\" data-e-type=\"column\">\n\t\t\t<div class=\"elementor-widget-wrap elementor-element-populated\">\n\t\t\t\t\t\t<div class=\"elementor-element elementor-element-3cdf0f6 elementor-widget elementor-widget-heading\" data-id=\"3cdf0f6\" data-element_type=\"widget\" data-e-type=\"widget\" data-widget_type=\"heading.default\">\n\t\t\t\t<div class=\"elementor-widget-container\">\n\t\t\t\t\t<span class=\"elementor-heading-title elementor-size-default\">OM OS<\/span>\t\t\t\t<\/div>\n\t\t\t\t<\/div>\n\t\t\t\t<div class=\"elementor-element elementor-element-381cd64 elementor-widget elementor-widget-heading\" data-id=\"381cd64\" data-element_type=\"widget\" data-e-type=\"widget\" data-widget_type=\"heading.default\">\n\t\t\t\t<div class=\"elementor-widget-container\">\n\t\t\t\t\t<h1 class=\"elementor-heading-title elementor-size-default\">F\u00e5 mere at vide om\nMajor Hunt<\/h1>\t\t\t\t<\/div>\n\t\t\t\t<\/div>\n\t\t\t\t<section class=\"elementor-section elementor-inner-section elementor-element elementor-element-17703e2 elementor-section-boxed elementor-section-height-default elementor-section-height-default\" data-id=\"17703e2\" data-element_type=\"section\" data-e-type=\"section\">\n\t\t\t\t\t\t<div class=\"elementor-container elementor-column-gap-no\">\n\t\t\t\t\t<div class=\"elementor-column elementor-col-100 elementor-inner-column elementor-element elementor-element-a801870\" data-id=\"a801870\" data-element_type=\"column\" data-e-type=\"column\">\n\t\t\t<div class=\"elementor-widget-wrap elementor-element-populated\">\n\t\t\t\t\t\t<div class=\"elementor-element elementor-element-240d653 elementor-align-left elementor-widget__width-auto elementor-widget elementor-widget-button\" data-id=\"240d653\" data-element_type=\"widget\" data-e-type=\"widget\" data-widget_type=\"button.default\">\n\t\t\t\t<div class=\"elementor-widget-container\">\n\t\t\t\t\t\t\t\t\t<div class=\"elementor-button-wrapper\">\n\t\t\t\t\t<a class=\"elementor-button elementor-button-link elementor-size-md\" href=\"#read\">\n\t\t\t\t\t\t<span class=\"elementor-button-content-wrapper\">\n\t\t\t\t\t\t\t\t\t<span class=\"elementor-button-text\">L\u00e6s mere her<\/span>\n\t\t\t\t\t<\/span>\n\t\t\t\t\t<\/a>\n\t\t\t\t<\/div>\n\t\t\t\t\t\t\t\t<\/div>\n\t\t\t\t<\/div>\n\t\t\t\t\t<\/div>\n\t\t<\/div>\n\t\t\t\t\t<\/div>\n\t\t<\/section>\n\t\t\t\t\t<\/div>\n\t\t<\/div>\n\t\t\t\t\t<\/div>\n\t\t<\/section>\n\t\t\t\t<section class=\"elementor-section elementor-top-section elementor-element elementor-element-ecc5a2c elementor-section-boxed elementor-section-height-default elementor-section-height-default\" data-id=\"ecc5a2c\" data-element_type=\"section\" data-e-type=\"section\" id=\"read\">\n\t\t\t\t\t\t<div class=\"elementor-container elementor-column-gap-no\">\n\t\t\t\t\t<div class=\"elementor-column elementor-col-50 elementor-top-column elementor-element elementor-element-7ad0849\" data-id=\"7ad0849\" data-element_type=\"column\" data-e-type=\"column\">\n\t\t\t<div class=\"elementor-widget-wrap elementor-element-populated\">\n\t\t\t\t\t\t<div class=\"elementor-element elementor-element-e8fbe05 elementor-widget elementor-widget-image\" data-id=\"e8fbe05\" data-element_type=\"widget\" data-e-type=\"widget\" data-widget_type=\"image.default\">\n\t\t\t\t<div class=\"elementor-widget-container\">\n\t\t\t\t\t\t\t\t\t\t\t\t\t\t\t<img fetchpriority=\"high\" decoding=\"async\" width=\"800\" height=\"817\" src=\"https:\/\/major-hunt.com\/wp-content\/uploads\/2023\/07\/majorhuntMask-group-1003x1024.webp\" class=\"attachment-large size-large wp-image-642\" alt=\"\" srcset=\"https:\/\/major-hunt.com\/wp-content\/uploads\/2023\/07\/majorhuntMask-group-1003x1024.webp 1003w, https:\/\/major-hunt.com\/wp-content\/uploads\/2023\/07\/majorhuntMask-group-294x300.webp 294w, https:\/\/major-hunt.com\/wp-content\/uploads\/2023\/07\/majorhuntMask-group-768x784.webp 768w, https:\/\/major-hunt.com\/wp-content\/uploads\/2023\/07\/majorhuntMask-group-12x12.webp 12w, https:\/\/major-hunt.com\/wp-content\/uploads\/2023\/07\/majorhuntMask-group.webp 1296w\" sizes=\"(max-width: 800px) 100vw, 800px\" \/>\t\t\t\t\t\t\t\t\t\t\t\t\t\t\t<\/div>\n\t\t\t\t<\/div>\n\t\t\t\t\t<\/div>\n\t\t<\/div>\n\t\t\t\t<div class=\"elementor-column elementor-col-50 elementor-top-column elementor-element elementor-element-209dfa4\" data-id=\"209dfa4\" data-element_type=\"column\" data-e-type=\"column\">\n\t\t\t<div class=\"elementor-widget-wrap elementor-element-populated\">\n\t\t\t\t\t\t<div class=\"elementor-element elementor-element-601ec67 elementor-widget elementor-widget-heading\" data-id=\"601ec67\" data-element_type=\"widget\" data-e-type=\"widget\" data-widget_type=\"heading.default\">\n\t\t\t\t<div class=\"elementor-widget-container\">\n\t\t\t\t\t<h3 class=\"elementor-heading-title elementor-size-default\">Om Major Hunt<\/h3>\t\t\t\t<\/div>\n\t\t\t\t<\/div>\n\t\t\t\t<div class=\"elementor-element elementor-element-7984707 elementor-widget-divider--view-line elementor-widget elementor-widget-divider\" data-id=\"7984707\" data-element_type=\"widget\" data-e-type=\"widget\" data-widget_type=\"divider.default\">\n\t\t\t\t<div class=\"elementor-widget-container\">\n\t\t\t\t\t\t\t<div class=\"elementor-divider\">\n\t\t\t<span class=\"elementor-divider-separator\">\n\t\t\t\t\t\t<\/span>\n\t\t<\/div>\n\t\t\t\t\t\t<\/div>\n\t\t\t\t<\/div>\n\t\t\t\t<div class=\"elementor-element elementor-element-a8815b6 elementor-widget elementor-widget-text-editor\" data-id=\"a8815b6\" data-element_type=\"widget\" data-e-type=\"widget\" data-widget_type=\"text-editor.default\">\n\t\t\t\t<div class=\"elementor-widget-container\">\n\t\t\t\t\t\t\t\t\t<p>Velkommen til Major Hunt, din f\u00f8rende destination for ekstraordin\u00e6re jagtoplevelser i hele verden.<\/p><p>Vi er selv passionerede j\u00e6gere og grundlagde Major Hunt i 2021 med en mission om at give j\u00e6gere uforglemmelige eventyr og muligheden for at opfylde deres jagtdr\u00f8mme.<\/p><p>Vi s\u00e6tter en \u00e6re i at tilbyde enest\u00e5ende service, respektere hver enkelt j\u00e6gers individualitet og sikre, at sikkerheden er vores h\u00f8jeste prioritet.<\/p>\t\t\t\t\t\t\t\t<\/div>\n\t\t\t\t<\/div>\n\t\t\t\t<div class=\"elementor-element elementor-element-7b08cb5 elementor-align-left elementor-widget__width-auto elementor-widget elementor-widget-button\" data-id=\"7b08cb5\" data-element_type=\"widget\" data-e-type=\"widget\" data-widget_type=\"button.default\">\n\t\t\t\t<div class=\"elementor-widget-container\">\n\t\t\t\t\t\t\t\t\t<div class=\"elementor-button-wrapper\">\n\t\t\t\t\t<a class=\"elementor-button elementor-button-link elementor-size-md\" href=\"#more\">\n\t\t\t\t\t\t<span class=\"elementor-button-content-wrapper\">\n\t\t\t\t\t\t\t\t\t<span class=\"elementor-button-text\">Mere information<\/span>\n\t\t\t\t\t<\/span>\n\t\t\t\t\t<\/a>\n\t\t\t\t<\/div>\n\t\t\t\t\t\t\t\t<\/div>\n\t\t\t\t<\/div>\n\t\t\t\t\t<\/div>\n\t\t<\/div>\n\t\t\t\t\t<\/div>\n\t\t<\/section>\n\t\t\t\t<section class=\"elementor-section elementor-top-section elementor-element elementor-element-4047734 elementor-section-height-min-height elementor-section-boxed elementor-section-height-default elementor-section-items-middle\" data-id=\"4047734\" data-element_type=\"section\" data-e-type=\"section\" id=\"more\" data-settings=\"{&quot;background_background&quot;:&quot;classic&quot;}\">\n\t\t\t\t\t\t<div class=\"elementor-container elementor-column-gap-no\">\n\t\t\t\t\t<div class=\"elementor-column elementor-col-50 elementor-top-column elementor-element elementor-element-1816944\" data-id=\"1816944\" data-element_type=\"column\" data-e-type=\"column\">\n\t\t\t<div class=\"elementor-widget-wrap elementor-element-populated\">\n\t\t\t\t\t\t<div class=\"elementor-element elementor-element-290a7af elementor-widget elementor-widget-heading\" data-id=\"290a7af\" data-element_type=\"widget\" data-e-type=\"widget\" data-widget_type=\"heading.default\">\n\t\t\t\t<div class=\"elementor-widget-container\">\n\t\t\t\t\t<h3 class=\"elementor-heading-title elementor-size-default\">Vores<br>Mission<\/br><\/h3>\t\t\t\t<\/div>\n\t\t\t\t<\/div>\n\t\t\t\t\t<\/div>\n\t\t<\/div>\n\t\t\t\t<div class=\"elementor-column elementor-col-50 elementor-top-column elementor-element elementor-element-0f632da\" data-id=\"0f632da\" data-element_type=\"column\" data-e-type=\"column\">\n\t\t\t<div class=\"elementor-widget-wrap elementor-element-populated\">\n\t\t\t\t\t\t<div class=\"elementor-element elementor-element-61b021e elementor-widget elementor-widget-text-editor\" data-id=\"61b021e\" data-element_type=\"widget\" data-e-type=\"widget\" data-widget_type=\"text-editor.default\">\n\t\t\t\t<div class=\"elementor-widget-container\">\n\t\t\t\t\t\t\t\t\t<p><span style=\"font-weight: 400;\">Vores firma er synonymt med et jagteventyr, man kun oplever \u00e9n gang i livet. Vi mener, at det er vigtigt, at du som j\u00e6ger, der slutter sig til os, har en fantastisk tid og f\u00e5r lov til at skyde dit ideelle trof\u00e6. Det handler ikke kun om at skyde, det handler om at jage din dr\u00f8m og f\u00e5 en helt igennem mindev\u00e6rdig oplevelse.<\/span><\/p><p><span style=\"font-weight: 400;\">Personligt mener vi, at det er afg\u00f8rende, at du som j\u00e6ger bliver respekteret og set som mere end blot et navn eller et nummer. Derfor er det vigtigt, at der er en god interaktion mellem Major Hunt og dig!\u00a0<\/span><\/p><p><span style=\"font-weight: 400;\">Dit \u00f8nske er vores ordre, og din dr\u00f8m vil blive jagtet.<\/span><\/p>\t\t\t\t\t\t\t\t<\/div>\n\t\t\t\t<\/div>\n\t\t\t\t\t<\/div>\n\t\t<\/div>\n\t\t\t\t\t<\/div>\n\t\t<\/section>\n\t\t\t\t<section class=\"elementor-section elementor-top-section elementor-element elementor-element-0b3d5d4 elementor-section-boxed elementor-section-height-default elementor-section-height-default\" data-id=\"0b3d5d4\" data-element_type=\"section\" data-e-type=\"section\">\n\t\t\t\t\t\t<div class=\"elementor-container elementor-column-gap-no\">\n\t\t\t\t\t<div class=\"elementor-column elementor-col-100 elementor-top-column elementor-element elementor-element-0fe2e4c\" data-id=\"0fe2e4c\" data-element_type=\"column\" data-e-type=\"column\">\n\t\t\t<div class=\"elementor-widget-wrap elementor-element-populated\">\n\t\t\t\t\t\t<section class=\"elementor-section elementor-inner-section elementor-element elementor-element-9c15a93 elementor-section-boxed elementor-section-height-default elementor-section-height-default\" data-id=\"9c15a93\" data-element_type=\"section\" data-e-type=\"section\">\n\t\t\t\t\t\t<div class=\"elementor-container elementor-column-gap-no\">\n\t\t\t\t\t<div class=\"elementor-column elementor-col-25 elementor-inner-column elementor-element elementor-element-76906d0\" data-id=\"76906d0\" data-element_type=\"column\" data-e-type=\"column\">\n\t\t\t<div class=\"elementor-widget-wrap elementor-element-populated\">\n\t\t\t\t\t\t<div class=\"elementor-element elementor-element-1ac5093 elementor-widget elementor-widget-heading\" data-id=\"1ac5093\" data-element_type=\"widget\" data-e-type=\"widget\" data-widget_type=\"heading.default\">\n\t\t\t\t<div class=\"elementor-widget-container\">\n\t\t\t\t\t<h3 class=\"elementor-heading-title elementor-size-default\">Vores<br>V\u00e6rdier<\/br><\/h3>\t\t\t\t<\/div>\n\t\t\t\t<\/div>\n\t\t\t\t\t<\/div>\n\t\t<\/div>\n\t\t\t\t<div class=\"elementor-column elementor-col-25 elementor-inner-column elementor-element elementor-element-21ace16\" data-id=\"21ace16\" data-element_type=\"column\" data-e-type=\"column\">\n\t\t\t<div class=\"elementor-widget-wrap elementor-element-populated\">\n\t\t\t\t\t\t<div class=\"elementor-element elementor-element-4a4b4ee elementor-widget elementor-widget-heading\" data-id=\"4a4b4ee\" data-element_type=\"widget\" data-e-type=\"widget\" data-widget_type=\"heading.default\">\n\t\t\t\t<div class=\"elementor-widget-container\">\n\t\t\t\t\t<h2 class=\"elementor-heading-title elementor-size-default\">Personlig opm\u00e6rksomhed<\/h2>\t\t\t\t<\/div>\n\t\t\t\t<\/div>\n\t\t\t\t<div class=\"elementor-element elementor-element-32f21cc elementor-widget elementor-widget-text-editor\" data-id=\"32f21cc\" data-element_type=\"widget\" data-e-type=\"widget\" data-widget_type=\"text-editor.default\">\n\t\t\t\t<div class=\"elementor-widget-container\">\n\t\t\t\t\t\t\t\t\t<p>Vi ser hver enkelt j\u00e6ger som et v\u00e6rdsat medlem af vores jagtf\u00e6llesskab. Vi prioriterer personlig opm\u00e6rksomhed og str\u00e6ber efter at opbygge st\u00e6rke relationer med vores kunder. Din tilfredshed er vores h\u00f8jeste prioritet, og vi er forpligtet til at skr\u00e6ddersy alle aspekter af din jagtoplevelse, s\u00e5 den opfylder dine \u00f8nsker og behov.<\/p>\t\t\t\t\t\t\t\t<\/div>\n\t\t\t\t<\/div>\n\t\t\t\t\t<\/div>\n\t\t<\/div>\n\t\t\t\t<div class=\"elementor-column elementor-col-25 elementor-inner-column elementor-element elementor-element-c6056b9\" data-id=\"c6056b9\" data-element_type=\"column\" data-e-type=\"column\">\n\t\t\t<div class=\"elementor-widget-wrap elementor-element-populated\">\n\t\t\t\t\t\t<div class=\"elementor-element elementor-element-e296db4 elementor-widget elementor-widget-heading\" data-id=\"e296db4\" data-element_type=\"widget\" data-e-type=\"widget\" data-widget_type=\"heading.default\">\n\t\t\t\t<div class=\"elementor-widget-container\">\n\t\t\t\t\t<h2 class=\"elementor-heading-title elementor-size-default\">Sikkerhed<\/h2>\t\t\t\t<\/div>\n\t\t\t\t<\/div>\n\t\t\t\t<div class=\"elementor-element elementor-element-b6d423a elementor-widget elementor-widget-text-editor\" data-id=\"b6d423a\" data-element_type=\"widget\" data-e-type=\"widget\" data-widget_type=\"text-editor.default\">\n\t\t\t\t<div class=\"elementor-widget-container\">\n\t\t\t\t\t\t\t\t\t<p>For det f\u00f8rste: Din sikkerhed er altafg\u00f8rende for os. Vi overholder strenge sikkerhedsbestemmelser og -protokoller, som sikrer, at hver eneste jagtekspedition gennemf\u00f8res med den h\u00f8jeste grad af professionalisme og forsigtighed. Vores erfarne team er uddannet til at implementere og h\u00e5ndh\u00e6ve sikkerhedsforanstaltninger, s\u00e5 du kan fokusere p\u00e5 sp\u00e6ndingen ved jagten med ro i sindet.<\/p>\t\t\t\t\t\t\t\t<\/div>\n\t\t\t\t<\/div>\n\t\t\t\t\t<\/div>\n\t\t<\/div>\n\t\t\t\t<div class=\"elementor-column elementor-col-25 elementor-inner-column elementor-element elementor-element-8a68c57\" data-id=\"8a68c57\" data-element_type=\"column\" data-e-type=\"column\">\n\t\t\t<div class=\"elementor-widget-wrap elementor-element-populated\">\n\t\t\t\t\t\t<div class=\"elementor-element elementor-element-3bddb40 elementor-widget elementor-widget-heading\" data-id=\"3bddb40\" data-element_type=\"widget\" data-e-type=\"widget\" data-widget_type=\"heading.default\">\n\t\t\t\t<div class=\"elementor-widget-container\">\n\t\t\t\t\t<h2 class=\"elementor-heading-title elementor-size-default\">Eventyr uden sidestykke<\/h2>\t\t\t\t<\/div>\n\t\t\t\t<\/div>\n\t\t\t\t<div class=\"elementor-element elementor-element-00c5a91 elementor-widget elementor-widget-text-editor\" data-id=\"00c5a91\" data-element_type=\"widget\" data-e-type=\"widget\" data-widget_type=\"text-editor.default\">\n\t\t\t\t<div class=\"elementor-widget-container\">\n\t\t\t\t\t\t\t\t\t<p>Major Hunt er synonymt med jagtoplevelser, der kun sker \u00e9n gang i livet. Vi mener, at jagt ikke kun handler om at skyde - det handler om at forf\u00f8lge sine dr\u00f8mme og skabe gode minder. Vi er dedikerede til at levere ekstraordin\u00e6re eventyr, der overg\u00e5r dine forventninger.<\/p>\t\t\t\t\t\t\t\t<\/div>\n\t\t\t\t<\/div>\n\t\t\t\t\t<\/div>\n\t\t<\/div>\n\t\t\t\t\t<\/div>\n\t\t<\/section>\n\t\t\t\t\t<\/div>\n\t\t<\/div>\n\t\t\t\t\t<\/div>\n\t\t<\/section>\n\t\t\t\t<\/div>","protected":false},"excerpt":{"rendered":"<p>Velkommen til Major Hunt, hvor vi specialiserer os i at levere ekstraordin\u00e6re jagtoplevelser over hele verden. Vi blev grundlagt i 2021 og er dedikeret til at g\u00f8re dine jagtdr\u00f8mme til virkelighed. <\/p>","protected":false},"author":1,"featured_media":9,"parent":0,"menu_order":0,"comment_status":"closed","ping_status":"closed","template":"","meta":{"footnotes":""},"class_list":["post-20","page","type-page","status-publish","has-post-thumbnail","hentry"],"yoast_head":"<!-- This site is optimized with the Yoast SEO plugin v27.4 - https:\/\/yoast.com\/product\/yoast-seo-wordpress\/ -->\n<title>About us - Majorhunt \u00ae<\/title>\n<meta name=\"robots\" content=\"index, follow, max-snippet:-1, max-image-preview:large, max-video-preview:-1\" \/>\n<link rel=\"canonical\" href=\"https:\/\/majorhunt-io-799111.hostingersite.com\/about-us\/\" \/>\n<meta property=\"og:locale\" content=\"da_DK\" \/>\n<meta property=\"og:type\" content=\"article\" \/>\n<meta property=\"og:title\" content=\"About us - Majorhunt \u00ae\" \/>\n<meta property=\"og:description\" content=\"Welcome to Major Hunt, where we specialize in providing extraordinary hunting experiences around the world. Founded in 2021, we are dedicated to making your hunting dreams a reality.\" \/>\n<meta property=\"og:url\" content=\"https:\/\/majorhunt-io-799111.hostingersite.com\/about-us\/\" \/>\n<meta property=\"og:site_name\" content=\"Majorhunt \u00ae\" \/>\n<meta property=\"article:modified_time\" content=\"2025-01-30T11:28:05+00:00\" \/>\n<meta property=\"og:image\" content=\"https:\/\/majorhunt-io-799111.hostingersite.com\/wp-content\/uploads\/2023\/06\/cropped-Logo-3.webp\" \/>\n\t<meta property=\"og:image:width\" content=\"256\" \/>\n\t<meta property=\"og:image:height\" content=\"256\" \/>\n\t<meta property=\"og:image:type\" content=\"image\/webp\" \/>\n<meta name=\"twitter:card\" content=\"summary_large_image\" \/>\n<meta name=\"twitter:label1\" content=\"Estimeret l\u00e6setid\" \/>\n\t<meta name=\"twitter:data1\" content=\"2 minutter\" \/>\n<script type=\"application\/ld+json\" class=\"yoast-schema-graph\">{\"@context\":\"https:\\\/\\\/schema.org\",\"@graph\":[{\"@type\":\"WebPage\",\"@id\":\"https:\\\/\\\/majorhunt-io-799111.hostingersite.com\\\/about-us\\\/\",\"url\":\"https:\\\/\\\/majorhunt-io-799111.hostingersite.com\\\/about-us\\\/\",\"name\":\"About us - Majorhunt \u00ae\",\"isPartOf\":{\"@id\":\"https:\\\/\\\/majorhunt-io-799111.hostingersite.com\\\/#website\"},\"primaryImageOfPage\":{\"@id\":\"https:\\\/\\\/majorhunt-io-799111.hostingersite.com\\\/about-us\\\/#primaryimage\"},\"image\":{\"@id\":\"https:\\\/\\\/majorhunt-io-799111.hostingersite.com\\\/about-us\\\/#primaryimage\"},\"thumbnailUrl\":\"https:\\\/\\\/major-hunt.com\\\/wp-content\\\/uploads\\\/2023\\\/06\\\/cropped-Logo-3.webp\",\"datePublished\":\"2023-06-22T19:41:28+00:00\",\"dateModified\":\"2025-01-30T11:28:05+00:00\",\"breadcrumb\":{\"@id\":\"https:\\\/\\\/majorhunt-io-799111.hostingersite.com\\\/about-us\\\/#breadcrumb\"},\"inLanguage\":\"da-DK\",\"potentialAction\":[{\"@type\":\"ReadAction\",\"target\":[\"https:\\\/\\\/majorhunt-io-799111.hostingersite.com\\\/about-us\\\/\"]}]},{\"@type\":\"ImageObject\",\"inLanguage\":\"da-DK\",\"@id\":\"https:\\\/\\\/majorhunt-io-799111.hostingersite.com\\\/about-us\\\/#primaryimage\",\"url\":\"https:\\\/\\\/major-hunt.com\\\/wp-content\\\/uploads\\\/2023\\\/06\\\/cropped-Logo-3.webp\",\"contentUrl\":\"https:\\\/\\\/major-hunt.com\\\/wp-content\\\/uploads\\\/2023\\\/06\\\/cropped-Logo-3.webp\",\"width\":256,\"height\":256},{\"@type\":\"BreadcrumbList\",\"@id\":\"https:\\\/\\\/majorhunt-io-799111.hostingersite.com\\\/about-us\\\/#breadcrumb\",\"itemListElement\":[{\"@type\":\"ListItem\",\"position\":1,\"name\":\"Home\",\"item\":\"https:\\\/\\\/major-hunt.com\\\/\"},{\"@type\":\"ListItem\",\"position\":2,\"name\":\"About us\"}]},{\"@type\":\"WebSite\",\"@id\":\"https:\\\/\\\/majorhunt-io-799111.hostingersite.com\\\/#website\",\"url\":\"https:\\\/\\\/majorhunt-io-799111.hostingersite.com\\\/\",\"name\":\"Majorhunt \u00ae\",\"description\":\"Hunt your dream\",\"publisher\":{\"@id\":\"https:\\\/\\\/majorhunt-io-799111.hostingersite.com\\\/#organization\"},\"potentialAction\":[{\"@type\":\"SearchAction\",\"target\":{\"@type\":\"EntryPoint\",\"urlTemplate\":\"https:\\\/\\\/majorhunt-io-799111.hostingersite.com\\\/?s={search_term_string}\"},\"query-input\":{\"@type\":\"PropertyValueSpecification\",\"valueRequired\":true,\"valueName\":\"search_term_string\"}}],\"inLanguage\":\"da-DK\"},{\"@type\":\"Organization\",\"@id\":\"https:\\\/\\\/majorhunt-io-799111.hostingersite.com\\\/#organization\",\"name\":\"Majorhunt \u00ae\",\"url\":\"https:\\\/\\\/majorhunt-io-799111.hostingersite.com\\\/\",\"logo\":{\"@type\":\"ImageObject\",\"inLanguage\":\"da-DK\",\"@id\":\"https:\\\/\\\/majorhunt-io-799111.hostingersite.com\\\/#\\\/schema\\\/logo\\\/image\\\/\",\"url\":\"https:\\\/\\\/major-hunt.com\\\/wp-content\\\/uploads\\\/2023\\\/06\\\/cropped-Logo-3.webp\",\"contentUrl\":\"https:\\\/\\\/major-hunt.com\\\/wp-content\\\/uploads\\\/2023\\\/06\\\/cropped-Logo-3.webp\",\"width\":256,\"height\":256,\"caption\":\"Majorhunt \u00ae\"},\"image\":{\"@id\":\"https:\\\/\\\/majorhunt-io-799111.hostingersite.com\\\/#\\\/schema\\\/logo\\\/image\\\/\"}}]}<\/script>\n<!-- \/ Yoast SEO plugin. -->","yoast_head_json":{"title":"Om os - Majorhunt \u00ae","robots":{"index":"index","follow":"follow","max-snippet":"max-snippet:-1","max-image-preview":"max-image-preview:large","max-video-preview":"max-video-preview:-1"},"canonical":"https:\/\/majorhunt-io-799111.hostingersite.com\/about-us\/","og_locale":"da_DK","og_type":"article","og_title":"About us - Majorhunt \u00ae","og_description":"Welcome to Major Hunt, where we specialize in providing extraordinary hunting experiences around the world. Founded in 2021, we are dedicated to making your hunting dreams a reality.","og_url":"https:\/\/majorhunt-io-799111.hostingersite.com\/about-us\/","og_site_name":"Majorhunt \u00ae","article_modified_time":"2025-01-30T11:28:05+00:00","og_image":[{"width":256,"height":256,"url":"https:\/\/majorhunt-io-799111.hostingersite.com\/wp-content\/uploads\/2023\/06\/cropped-Logo-3.webp","type":"image\/webp"}],"twitter_card":"summary_large_image","twitter_misc":{"Estimeret l\u00e6setid":"2 minutter"},"schema":{"@context":"https:\/\/schema.org","@graph":[{"@type":"WebPage","@id":"https:\/\/majorhunt-io-799111.hostingersite.com\/about-us\/","url":"https:\/\/majorhunt-io-799111.hostingersite.com\/about-us\/","name":"Om os - Majorhunt \u00ae","isPartOf":{"@id":"https:\/\/majorhunt-io-799111.hostingersite.com\/#website"},"primaryImageOfPage":{"@id":"https:\/\/majorhunt-io-799111.hostingersite.com\/about-us\/#primaryimage"},"image":{"@id":"https:\/\/majorhunt-io-799111.hostingersite.com\/about-us\/#primaryimage"},"thumbnailUrl":"https:\/\/major-hunt.com\/wp-content\/uploads\/2023\/06\/cropped-Logo-3.webp","datePublished":"2023-06-22T19:41:28+00:00","dateModified":"2025-01-30T11:28:05+00:00","breadcrumb":{"@id":"https:\/\/majorhunt-io-799111.hostingersite.com\/about-us\/#breadcrumb"},"inLanguage":"da-DK","potentialAction":[{"@type":"ReadAction","target":["https:\/\/majorhunt-io-799111.hostingersite.com\/about-us\/"]}]},{"@type":"ImageObject","inLanguage":"da-DK","@id":"https:\/\/majorhunt-io-799111.hostingersite.com\/about-us\/#primaryimage","url":"https:\/\/major-hunt.com\/wp-content\/uploads\/2023\/06\/cropped-Logo-3.webp","contentUrl":"https:\/\/major-hunt.com\/wp-content\/uploads\/2023\/06\/cropped-Logo-3.webp","width":256,"height":256},{"@type":"BreadcrumbList","@id":"https:\/\/majorhunt-io-799111.hostingersite.com\/about-us\/#breadcrumb","itemListElement":[{"@type":"ListItem","position":1,"name":"Home","item":"https:\/\/major-hunt.com\/"},{"@type":"ListItem","position":2,"name":"About us"}]},{"@type":"WebSite","@id":"https:\/\/majorhunt-io-799111.hostingersite.com\/#website","url":"https:\/\/majorhunt-io-799111.hostingersite.com\/","name":"Majorhunt \u00ae","description":"G\u00e5 p\u00e5 jagt efter din dr\u00f8m","publisher":{"@id":"https:\/\/majorhunt-io-799111.hostingersite.com\/#organization"},"potentialAction":[{"@type":"SearchAction","target":{"@type":"EntryPoint","urlTemplate":"https:\/\/majorhunt-io-799111.hostingersite.com\/?s={search_term_string}"},"query-input":{"@type":"PropertyValueSpecification","valueRequired":true,"valueName":"search_term_string"}}],"inLanguage":"da-DK"},{"@type":"Organization","@id":"https:\/\/majorhunt-io-799111.hostingersite.com\/#organization","name":"Majorhunt \u00ae","url":"https:\/\/majorhunt-io-799111.hostingersite.com\/","logo":{"@type":"ImageObject","inLanguage":"da-DK","@id":"https:\/\/majorhunt-io-799111.hostingersite.com\/#\/schema\/logo\/image\/","url":"https:\/\/major-hunt.com\/wp-content\/uploads\/2023\/06\/cropped-Logo-3.webp","contentUrl":"https:\/\/major-hunt.com\/wp-content\/uploads\/2023\/06\/cropped-Logo-3.webp","width":256,"height":256,"caption":"Majorhunt \u00ae"},"image":{"@id":"https:\/\/majorhunt-io-799111.hostingersite.com\/#\/schema\/logo\/image\/"}}]}},"_links":{"self":[{"href":"https:\/\/major-hunt.com\/da\/wp-json\/wp\/v2\/pages\/20","targetHints":{"allow":["GET"]}}],"collection":[{"href":"https:\/\/major-hunt.com\/da\/wp-json\/wp\/v2\/pages"}],"about":[{"href":"https:\/\/major-hunt.com\/da\/wp-json\/wp\/v2\/types\/page"}],"author":[{"embeddable":true,"href":"https:\/\/major-hunt.com\/da\/wp-json\/wp\/v2\/users\/1"}],"replies":[{"embeddable":true,"href":"https:\/\/major-hunt.com\/da\/wp-json\/wp\/v2\/comments?post=20"}],"version-history":[{"count":0,"href":"https:\/\/major-hunt.com\/da\/wp-json\/wp\/v2\/pages\/20\/revisions"}],"wp:featuredmedia":[{"embeddable":true,"href":"https:\/\/major-hunt.com\/da\/wp-json\/wp\/v2\/media\/9"}],"wp:attachment":[{"href":"https:\/\/major-hunt.com\/da\/wp-json\/wp\/v2\/media?parent=20"}],"curies":[{"name":"wp","href":"https:\/\/api.w.org\/{rel}","templated":true}]}}